{"id":1920,"date":"2023-01-19T17:27:35","date_gmt":"2023-01-19T17:27:35","guid":{"rendered":"https:\/\/mbalajy.com\/?page_id=1920"},"modified":"2023-01-23T21:35:08","modified_gmt":"2023-01-23T21:35:08","slug":"conclusion","status":"publish","type":"page","link":"https:\/\/mbalajy.com\/index.php\/conclusion\/","title":{"rendered":"Conclusion"},"content":{"rendered":"\t\t<div data-elementor-type=\"wp-page\" data-elementor-id=\"1920\" class=\"elementor elementor-1920\">\n\t\t\t\t\t\t<section class=\"elementor-section elementor-top-section elementor-element elementor-element-4d7aa67 ct-section-stretched elementor-section-full_width elementor-section-height-default elementor-section-height-default\" data-id=\"4d7aa67\" data-element_type=\"section\" data-settings=\"{&quot;background_background&quot;:&quot;classic&quot;}\">\n\t\t\t\t\t\t\t<div class=\"elementor-background-overlay\"><\/div>\n\t\t\t\t\t\t\t<div class=\"elementor-container elementor-column-gap-custom\">\n\t\t\t\t\t<div class=\"elementor-column elementor-col-100 elementor-top-column elementor-element elementor-element-541523c\" data-id=\"541523c\" data-element_type=\"column\">\n\t\t\t<div class=\"elementor-widget-wrap elementor-element-populated\">\n\t\t\t\t\t\t<div class=\"elementor-element elementor-element-ed107de elementor-widget elementor-widget-heading\" data-id=\"ed107de\" data-element_type=\"widget\" data-widget_type=\"heading.default\">\n\t\t\t\t<div class=\"elementor-widget-container\">\n\t\t\t\t\t<h2 class=\"elementor-heading-title elementor-size-default\">Conclusion <\/h2>\t\t\t\t<\/div>\n\t\t\t\t<\/div>\n\t\t\t\t<div class=\"elementor-element elementor-element-bde39e0 elementor-widget-divider--view-line elementor-widget elementor-widget-divider\" data-id=\"bde39e0\" data-element_type=\"widget\" data-widget_type=\"divider.default\">\n\t\t\t\t<div class=\"elementor-widget-container\">\n\t\t\t\t\t\t\t<div class=\"elementor-divider\">\n\t\t\t<span class=\"elementor-divider-separator\">\n\t\t\t\t\t\t<\/span>\n\t\t<\/div>\n\t\t\t\t\t\t<\/div>\n\t\t\t\t<\/div>\n\t\t\t\t\t<\/div>\n\t\t<\/div>\n\t\t\t\t\t<\/div>\n\t\t<\/section>\n\t\t\t\t<section class=\"elementor-section elementor-top-section elementor-element elementor-element-344def6 elementor-section-boxed elementor-section-height-default elementor-section-height-default\" data-id=\"344def6\" data-element_type=\"section\">\n\t\t\t\t\t\t<div class=\"elementor-container elementor-column-gap-default\">\n\t\t\t\t\t<div class=\"elementor-column elementor-col-100 elementor-top-column elementor-element elementor-element-9c4f670\" data-id=\"9c4f670\" data-element_type=\"column\">\n\t\t\t<div class=\"elementor-widget-wrap elementor-element-populated\">\n\t\t\t\t\t\t<section class=\"elementor-section elementor-inner-section elementor-element elementor-element-6345e74 elementor-section-boxed elementor-section-height-default elementor-section-height-default\" data-id=\"6345e74\" data-element_type=\"section\" data-settings=\"{&quot;background_background&quot;:&quot;classic&quot;}\">\n\t\t\t\t\t\t<div class=\"elementor-container elementor-column-gap-default\">\n\t\t\t\t\t<div class=\"elementor-column elementor-col-100 elementor-inner-column elementor-element elementor-element-1ab931c\" data-id=\"1ab931c\" data-element_type=\"column\">\n\t\t\t<div class=\"elementor-widget-wrap elementor-element-populated\">\n\t\t\t\t\t\t<div class=\"elementor-element elementor-element-3e24ce0 elementor-widget elementor-widget-text-editor\" data-id=\"3e24ce0\" data-element_type=\"widget\" data-widget_type=\"text-editor.default\">\n\t\t\t\t<div class=\"elementor-widget-container\">\n\t\t\t\t\t\t\t\t\t<p>Le packaging doit \u00eatre s\u00e9lectionn\u00e9 selon la m\u00e9thode d\u2019utilisation et d\u2019administration, la viscosit\u00e9, la quantit\u00e9, et la nature de votre produit cosm\u00e9tique. Naturellement, la praticit\u00e9 ainsi que le design sont au sommet des crit\u00e8res de s\u00e9lection<\/p><p>Le packaging est un \u00ab vendeur muet \u00bb,\u00a0son simple aspect doit attirer, renseigner, s\u00e9duire et bien s\u00fbr vendre.<\/p><p>Notre mission est de d\u00e9velopper une gamme de packaging fiable, diversifi\u00e9s afin\u00a0 de vous assurer que vous r\u00e9pondez aux attentes de vos clients.<\/p>\t\t\t\t\t\t\t\t<\/div>\n\t\t\t\t<\/div>\n\t\t\t\t\t<\/div>\n\t\t<\/div>\n\t\t\t\t\t<\/div>\n\t\t<\/section>\n\t\t\t\t\t<\/div>\n\t\t<\/div>\n\t\t\t\t\t<\/div>\n\t\t<\/section>\n\t\t\t\t<\/div>\n\t\t","protected":false},"excerpt":{"rendered":"<p>Conclusion Le packaging doit \u00eatre s\u00e9lectionn\u00e9 selon la m\u00e9thode d\u2019utilisation et d\u2019administration, la viscosit\u00e9, la quantit\u00e9, et la nature de votre produit cosm\u00e9tique. Naturellement, la praticit\u00e9 ainsi que le design sont au sommet des crit\u00e8res de s\u00e9lection Le packaging est un \u00ab vendeur muet \u00bb,\u00a0son simple aspect doit attirer, renseigner, s\u00e9duire et bien s\u00fbr vendre. [&hellip;]<\/p>\n","protected":false},"author":1,"featured_media":0,"parent":0,"menu_order":0,"comment_status":"closed","ping_status":"closed","template":"elementor_header_footer","meta":{"footnotes":""},"class_list":["post-1920","page","type-page","status-publish","hentry"],"blocksy_meta":{"styles_descriptor":{"styles":{"desktop":"","tablet":"","mobile":""},"google_fonts":[],"version":6}},"_links":{"self":[{"href":"https:\/\/mbalajy.com\/index.php\/wp-json\/wp\/v2\/pages\/1920","targetHints":{"allow":["GET"]}}],"collection":[{"href":"https:\/\/mbalajy.com\/index.php\/wp-json\/wp\/v2\/pages"}],"about":[{"href":"https:\/\/mbalajy.com\/index.php\/wp-json\/wp\/v2\/types\/page"}],"author":[{"embeddable":true,"href":"https:\/\/mbalajy.com\/index.php\/wp-json\/wp\/v2\/users\/1"}],"replies":[{"embeddable":true,"href":"https:\/\/mbalajy.com\/index.php\/wp-json\/wp\/v2\/comments?post=1920"}],"version-history":[{"count":37,"href":"https:\/\/mbalajy.com\/index.php\/wp-json\/wp\/v2\/pages\/1920\/revisions"}],"predecessor-version":[{"id":2674,"href":"https:\/\/mbalajy.com\/index.php\/wp-json\/wp\/v2\/pages\/1920\/revisions\/2674"}],"wp:attachment":[{"href":"https:\/\/mbalajy.com\/index.php\/wp-json\/wp\/v2\/media?parent=1920"}],"curies":[{"name":"wp","href":"https:\/\/api.w.org\/{rel}","templated":true}]}}